{"id":5289,"date":"2025-06-27T07:16:23","date_gmt":"2025-06-27T07:16:23","guid":{"rendered":"https:\/\/staging.capozzoinn.com\/new\/"},"modified":"2025-06-27T07:56:41","modified_gmt":"2025-06-27T07:56:41","slug":"nouveautes","status":"publish","type":"page","link":"https:\/\/capozzoinn.com\/fr\/nouveautes\/","title":{"rendered":"Nouveaut\u00e9s !"},"content":{"rendered":"\n<p>Vivez Venise comme une exp\u00e9rience unique t\u00e9l\u00e9chargez la nouvelle version audio multilingue des 2 itin\u00e9raires FELIX et Venise Pass\u00e9 &amp; Moderne<\/p>\n\n\n\n<p><a href=\"https:\/\/sites.google.com\/view\/coop-pasini-turismo-capozzoinn\/\" target=\"_blank\" rel=\"noreferrer noopener\"><strong>D\u00e9couvrez nos itin\u00e9raires en cliquant ici &gt;&gt;<\/strong><\/a><\/p>\n\n\n\n<hr class=\"wp-block-separator has-alpha-channel-opacity\"\/>\n\n\n\n<p>Choisissez un guide professionnel (Dr Giulia Ecchili) pour vous aider \u00e0 d\u00e9couvrir l\u2019histoire d\u2019un lieu unique comme Venise.<\/p>\n\n\n\n<p><strong><a href=\"https:\/\/capozzoinn.com\/wp-content\/uploads\/2025\/06\/itinerari-in-francese-nuovi.pdf\" data-type=\"link\" data-id=\"https:\/\/capozzoinn.com\/wp-content\/uploads\/2025\/06\/itinerari-in-francese-nuovi.pdf\">Voici les itin\u00e9raires que nous proposons >><\/a><\/strong><\/p>\n\n\n\n<hr class=\"wp-block-separator has-alpha-channel-opacity\"\/>\n\n\n\n<p>D\u00e9couvrez de nouveaux livres et lectures sur Venise tels que \u201cThe Dressmaker\u2019s Parcerls\u201d de Silvano Stagni.<\/p>\n\n\n\n<p><a href=\"https:\/\/www.amazon.it\/Dressmakers-Parcels-Silvano-Stagni\/dp\/1739359631\" target=\"_blank\" rel=\"noreferrer noopener\"><strong>acheter en ligne sur amazon &gt;&gt;<\/strong><\/a><\/p>\n\n\n\n<figure class=\"wp-block-image\"><a href=\"https:\/\/www.amazon.it\/Dressmakers-Parcels-Silvano-Stagni\/dp\/1739359631\" target=\"_blank\" rel=\"noreferrer noopener\"><img decoding=\"async\" src=\"https:\/\/capozzoinn.com\/content\/uploads\/2023\/07\/thedressmakerfr-188x300.jpg\" alt=\"\" class=\"wp-image-4402\"\/><\/a><\/figure>\n","protected":false},"excerpt":{"rendered":"<p>Vivez Venise comme une exp\u00e9rience unique t\u00e9l\u00e9chargez la nouvelle version audio multilingue des 2 itin\u00e9raires FELIX et Venise Pass\u00e9 &amp; Moderne D\u00e9couvrez nos itin\u00e9raires en cliquant ici &gt;&gt; Choisissez un guide professionnel (Dr Giulia Ecchili) pour vous aider \u00e0 d\u00e9couvrir l\u2019histoire d\u2019un lieu unique comme Venise. Voici les itin\u00e9raires que nous proposons >> D\u00e9couvrez de [&hellip;]<\/p>\n","protected":false},"author":1,"featured_media":5282,"parent":0,"menu_order":0,"comment_status":"closed","ping_status":"closed","template":"","meta":{"_acf_changed":false,"footnotes":""},"class_list":["post-5289","page","type-page","status-publish","has-post-thumbnail","hentry"],"acf":[],"_links":{"self":[{"href":"https:\/\/capozzoinn.com\/fr\/wp-json\/wp\/v2\/pages\/5289","targetHints":{"allow":["GET"]}}],"collection":[{"href":"https:\/\/capozzoinn.com\/fr\/wp-json\/wp\/v2\/pages"}],"about":[{"href":"https:\/\/capozzoinn.com\/fr\/wp-json\/wp\/v2\/types\/page"}],"author":[{"embeddable":true,"href":"https:\/\/capozzoinn.com\/fr\/wp-json\/wp\/v2\/users\/1"}],"replies":[{"embeddable":true,"href":"https:\/\/capozzoinn.com\/fr\/wp-json\/wp\/v2\/comments?post=5289"}],"version-history":[{"count":2,"href":"https:\/\/capozzoinn.com\/fr\/wp-json\/wp\/v2\/pages\/5289\/revisions"}],"predecessor-version":[{"id":5317,"href":"https:\/\/capozzoinn.com\/fr\/wp-json\/wp\/v2\/pages\/5289\/revisions\/5317"}],"wp:featuredmedia":[{"embeddable":true,"href":"https:\/\/capozzoinn.com\/fr\/wp-json\/wp\/v2\/media\/5282"}],"wp:attachment":[{"href":"https:\/\/capozzoinn.com\/fr\/wp-json\/wp\/v2\/media?parent=5289"}],"curies":[{"name":"wp","href":"https:\/\/api.w.org\/{rel}","templated":true}]}}