{"id":837,"date":"2025-01-10T11:23:32","date_gmt":"2025-01-10T11:23:32","guid":{"rendered":"https:\/\/staging.capozzoinn.com\/itineraries\/venice-past-and-modern-itinerary\/"},"modified":"2025-11-18T09:32:10","modified_gmt":"2025-11-18T09:32:10","slug":"venice-past-modern-itinerary","status":"publish","type":"page","link":"https:\/\/capozzoinn.com\/fr\/itineraires\/venice-past-modern-itinerary\/","title":{"rendered":"Venice Past and Modern Itinerary"},"content":{"rendered":"\n<p><strong>NOM DE L&rsquo;ITIN\u00c9RAIRE: Venice Past &amp; Modern&nbsp;<\/strong><\/p>\n\n\n\n<p><a href=\"https:\/\/goo.gl\/maps\/wCXfm7jyrmuu9eR6A\" target=\"_blank\" rel=\"noopener\">https:\/\/goo.gl\/maps\/wCXfm7jyrmuu9eR6A<\/a><\/p>\n\n\n\n<p>Qu&rsquo;est-ce que c&rsquo;est \u00e7a? Un itin\u00e9raire culturel qui vous m\u00e8nera \u00e0 travers une Venise myst\u00e9rieuse et hors des sentiers battus. Une Venise qui ne cesse d&rsquo;\u00e9tonner un \u0153il attentif et curieux.<\/p>\n\n\n\n<p><strong>Longueur:<\/strong>&nbsp;4,8 km<\/p>\n\n\n\n<p><strong>Dur\u00e9e moyenne du trajet:<\/strong>&nbsp;environ 90 minutes &#8211; 2,0 heures<\/p>\n\n\n\n<div class=\"wp-block-buttons is-layout-flex wp-block-buttons-is-layout-flex\">\n<div class=\"wp-block-button\"><a class=\"wp-block-button__link has-background wp-element-button\" href=\"https:\/\/capozzoinn.com\/wp-content\/uploads\/2025\/01\/CaPozzoInnVenice_PASTMODERN_2021_FRA.pdf\" style=\"background-color:#a80532\" target=\"_blank\" rel=\"noreferrer noopener\"><strong>T\u00c9L\u00c9CHARGER L&rsquo;ITIN\u00c9RAIRE<\/strong><\/a><\/div>\n<\/div>\n\n\n\n<figure class=\"wp-block-embed is-type-video is-provider-vimeo wp-block-embed-vimeo wp-embed-aspect-16-9 wp-has-aspect-ratio\"><div class=\"wp-block-embed__wrapper\">\n<iframe loading=\"lazy\" title=\"VENICE PAST MODERN\" src=\"https:\/\/player.vimeo.com\/video\/497288153?dnt=1&amp;app_id=122963\" width=\"500\" height=\"275\" frameborder=\"0\" allow=\"autoplay; fullscreen; picture-in-picture; clipboard-write; encrypted-media; web-share\" referrerpolicy=\"strict-origin-when-cross-origin\"><\/iframe>\n<\/div><\/figure>\n\n\n\n<p><strong>Chemin<\/strong><br>La premi\u00e8re partie de cet itin\u00e9raire se d\u00e9veloppe \u00e0 travers le quartier de Cannaregio, la seconde \u00e0 travers le quartier de Santa Croce pour se terminer dans le quartier de Dorsoduro. En d\u2019autres termes, 1279 Cannaregio- Sotoportego Ca\u2019 Pozzo est le point de d\u00e9part et 701-704 Dorsoduro Calle de La Chiesa Peggy Guggenheim Collection est le point final.<\/p>\n\n\n\n<p>Cet itin\u00e9raire culturel comporte 34 points de r\u00e9f\u00e9rence qui sont tous visibles en ligne et qui peuvent \u00eatre consult\u00e9s en cliquant sur la carte google associ\u00e9e.<\/p>\n\n\n\n<p>Par exemple, l\u2019index contient une liste des places principales ou \u201ccampi\u201d soi-disant en v\u00e9nitien (c\u2019est-\u00e0-dire \u00e0 Venise, le nom de la place est \u201ccampo\u201d) qui vous aideront \u00e0 trouver votre chemin en passant par: Campo San Geremia, Campo Santa Margherita . Campo Sant\u2019Angelo Raffaele pour terminer au Mus\u00e9e Peggy Guggenheim \u00e0 calle San Cristoforo.<\/p>\n\n\n\n<p>Comment s\u2019orienter lors de sa promenade?<br>Pour de meilleures directions, consid\u00e9rez Venise comme un labyrinthe int\u00e9ressant de rues, ruelles, passages inf\u00e9rieurs, ruelles \u00e9troites, tous nomm\u00e9s en fonction de la topographie locale: calle, calletta, sotoportego, ruga, rughetta, campo, campiello etc.<\/p>\n\n\n\n<p>Astuce: Au cas o\u00f9 vous vous perdriez, trouvez le \u201cnisioletto\u201d le plus proche de vous, c\u2019est-\u00e0-dire une \u201cplaque de rue rectangulaire noire sur fond blanc\u201d peinte sur le c\u00f4t\u00e9 des b\u00e2timents qui contient le nom du lieu ou de la rue o\u00f9 vous vous trouvez. Par cons\u00e9quent, vous devriez toujours chercher un \u201cnisioletto\u201d pr\u00e8s de chez vous pour pouvoir trouver votre chemin.<\/p>\n\n\n\n<p>Tout est clair? Les doutes? Utilisons la technologie!<\/p>\n\n\n\n<p>Pour savoir o\u00f9 vous vous trouvez sur la carte, cliquez sur:<br><a href=\"https:\/\/goo.gl\/maps\/wCXfm7jyrmuu9eR6A\" target=\"_blank\" rel=\"noopener\">https:\/\/goo.gl\/maps\/wCXfm7jyrmuu9eR6A<\/a><\/p>\n\n\n\n<p>En conclusion, vous pouvez utiliser cet itin\u00e9raire pour d\u00e9couvrir des chemins cach\u00e9s inhabituels et prendre des photos uniques en utilisant simplement un t\u00e9l\u00e9phone intelligent ou faire vos devoirs de chez vous et \u00e9tudier les cartes en ligne et tirer le meilleur parti de cet itin\u00e9raire sugg\u00e9r\u00e9.<\/p>\n","protected":false},"excerpt":{"rendered":"<p>NOM DE L&rsquo;ITIN\u00c9RAIRE: Venice Past &amp; Modern&nbsp; https:\/\/goo.gl\/maps\/wCXfm7jyrmuu9eR6A Qu&rsquo;est-ce que c&rsquo;est \u00e7a? Un itin\u00e9raire culturel qui vous m\u00e8nera \u00e0 travers une Venise myst\u00e9rieuse et hors des sentiers battus. Une Venise qui ne cesse d&rsquo;\u00e9tonner un \u0153il attentif et curieux. Longueur:&nbsp;4,8 km Dur\u00e9e moyenne du trajet:&nbsp;environ 90 minutes &#8211; 2,0 heures CheminLa premi\u00e8re partie de cet [&hellip;]<\/p>\n","protected":false},"author":1,"featured_media":1862,"parent":786,"menu_order":0,"comment_status":"closed","ping_status":"closed","template":"templates\/lista-figlio.php","meta":{"_acf_changed":false,"footnotes":""},"class_list":["post-837","page","type-page","status-publish","has-post-thumbnail","hentry"],"acf":[],"_links":{"self":[{"href":"https:\/\/capozzoinn.com\/fr\/wp-json\/wp\/v2\/pages\/837","targetHints":{"allow":["GET"]}}],"collection":[{"href":"https:\/\/capozzoinn.com\/fr\/wp-json\/wp\/v2\/pages"}],"about":[{"href":"https:\/\/capozzoinn.com\/fr\/wp-json\/wp\/v2\/types\/page"}],"author":[{"embeddable":true,"href":"https:\/\/capozzoinn.com\/fr\/wp-json\/wp\/v2\/users\/1"}],"replies":[{"embeddable":true,"href":"https:\/\/capozzoinn.com\/fr\/wp-json\/wp\/v2\/comments?post=837"}],"version-history":[{"count":6,"href":"https:\/\/capozzoinn.com\/fr\/wp-json\/wp\/v2\/pages\/837\/revisions"}],"predecessor-version":[{"id":4746,"href":"https:\/\/capozzoinn.com\/fr\/wp-json\/wp\/v2\/pages\/837\/revisions\/4746"}],"up":[{"embeddable":true,"href":"https:\/\/capozzoinn.com\/fr\/wp-json\/wp\/v2\/pages\/786"}],"wp:featuredmedia":[{"embeddable":true,"href":"https:\/\/capozzoinn.com\/fr\/wp-json\/wp\/v2\/media\/1862"}],"wp:attachment":[{"href":"https:\/\/capozzoinn.com\/fr\/wp-json\/wp\/v2\/media?parent=837"}],"curies":[{"name":"wp","href":"https:\/\/api.w.org\/{rel}","templated":true}]}}