{"id":3420,"date":"2024-12-27T08:13:53","date_gmt":"2024-12-27T08:13:53","guid":{"rendered":"https:\/\/staging.capozzoinn.com\/?page_id=3420"},"modified":"2025-06-25T16:22:56","modified_gmt":"2025-06-25T16:22:56","slug":"privacy","status":"publish","type":"page","link":"https:\/\/capozzoinn.com\/it\/privacy\/","title":{"rendered":"Privacy Policy"},"content":{"rendered":"\n<p>La informiamo,<\/p>\n\n\n\n<p>ai sensi dell\u2019art. 13 del GDPR n. 2016\/679 (in seguito, \u201c<strong>GDPR<\/strong>\u201d), &nbsp;che in caso di raccolta dati personali che La riguardano, tale trattamento sar\u00e0 improntato ai principi di correttezza, liceit\u00e0, trasparenza e di tutela della Sua riservatezza e dei Suoi diritti;<\/p>\n\n\n\n<ol class=\"wp-block-list\">\n<li>la\u00a0<strong>nostra organizzazione<\/strong>, \u00a0quale persona giuridica,<strong>\u00a0investe il duplice ruolo di titolare del trattamento e responsabile \u00a0del trattamento<\/strong>;<\/li>\n\n\n\n<li>il titolare del trattamento e il responsabile \u00a0del trattamento (vedasi dati di contatto ultima pagina); \u00a0compiute le valutazioni del caso al proprio interno, non hanno \u00a0designato il responsabile della protezione dei dati, in quanto, ai sensi dell\u2019art.37 comma 1 del GDPR n. 2016\/679 non rientra nell\u2019obbligo.<\/li>\n<\/ol>\n\n\n\n<p><strong>I Suoi dati saranno trattati<\/strong><\/p>\n\n\n\n<p><em><strong>c\/i)&nbsp;<\/strong><\/em>ai sensi dell\u2019art. 6 lettera b) e &nbsp;c) , per finalit\u00e0 relative all\u2019esecuzione di un contratto o all\u2019esecuzione di misure precontrattuale e per adempire agli obblighi di legge al quale \u00e8 soggetto il titolare del trattamento; &nbsp;&nbsp;&nbsp;<em>ad esempio, &nbsp;trattamenti dati necessari &nbsp;per la gestione di richieste, &nbsp;&nbsp;di preventivi e di prenotazione, espletamento di tutti gli obblighi contrattuali, &nbsp;contabili e fiscali, gestione dei pagamenti anche con carte di credito , POS e servizi evoluti online gestiti dai rispettivi istituti di credito o agenzie e gestione del contenzioso;&nbsp;<\/em>inoltre, per tutti gli obblighi previsti dalla legge; &nbsp;<em>ad esempio, &nbsp;regolamenti, normative comunitarie &nbsp;e locali o da ordini delle autorit\u00e0, &nbsp;registrazione e comunicazioni dati alle autorit\u00e0 e &nbsp;gestione di eventuali contenziosi;&nbsp;<\/em>oltre a ci\u00f2, &nbsp;per il perseguimento del legittimo interesse del titolare del trattamento o di terzi alle condizioni previste dal GDPR;<\/p>\n\n\n\n<p><em><strong>c\/ii)&nbsp;<\/strong><\/em>ai sensi dell\u2019art. 7 , previo Suo consenso liberamente espresso, per altre finalit\u00e0 di servizio e marketing ;<em>&nbsp;ad esempio; trattamenti dati necessari per l\u2019invio &nbsp;di offerte promozionali sui nostri servizi e altri eventi, &nbsp;aggiornamento tariffe, altri preventivi praticati nonch\u00e9 comunicazioni auguri e festivit\u00e0 ; per dare esecuzione a servizi aggiuntivi quali comunicazione esterna di dati relativi al Suo soggiorno al fine esclusivo di consentire la funzione di ricevimento oggetti, messaggi e telefonate a lei indirizzate<\/em>;<\/p>\n\n\n\n<p>per il trattamento di categorie particolari di dati personali al fine di offrire &nbsp;migliore livello di ospitalit\u00e0;&nbsp;<em>ad esempio, intolleranze alimentari, allergie o altre dati particolari<\/em>;<\/p>\n\n\n\n<p>per il trattamento di servizi online evoluti;&nbsp;<em>ad esempio, &nbsp;iscrizione al nostro programma gestionale per utilizzare il suo indirizzo e-mail per inviare il conto, ricevuta o fattura, per gestire punteggi di fedelt\u00e0 e altri servizi similari;<\/em><\/p>\n\n\n\n<p><em><strong>c\/iii)&nbsp;<\/strong><\/em>ai sensi dell\u2019art. 7 , previo Suo consenso liberamente espresso, per ulteriori finalit\u00e0 ; a<em>d esempio; &nbsp;trattamenti dati necessari per effettuare il &nbsp;LOGIN alla nostra rete WIFI\/LAN pubblica per navigare in internet&nbsp;<\/em>;<\/p>\n\n\n\n<p>nonch\u00e9 trattamenti dati necessari durante l\u2019utilizzo del nostro sito internet istituzionale la cui trasmissione \u00e8 implicita nell\u2019uso dei protocolli di comunicazione di internet, tali dati non sono raccolti per essere associati a interessi identificati, ma per loro stessa natura potrebbero, attraverso elaborazioni ed associazioni con dati detenuti da terzi, permettere di identificare gli utenti;<em>&nbsp;ad esempio, &nbsp;in questa categoria di dati rientrano gli indirizzi IP o i nomi dei dispositivi utilizzati dagli utenti che si connettono al sito, gli indirizzi di notazione URI delle risorse richieste, l\u2019orario di richiesta, il metodo utilizzato nel sottoporre la richiesta al server, la dimensione del file ottenuto in risposta, il codice numerico indicante lo stato della risposta del server e altri parametri relativi al sistema operativo e all\u2019ambiente informativo dell\u2019utente<\/em>;<br>i succitati dati, possono essere utilizzati, al solo fine di ricavare informazioni statistiche anonime sull\u2019uso della rete WIFI\/LAN pubblica e del sito istituzionale;&nbsp;<em>ad esempio, &nbsp;per controllare il corretto funzionamento della nostra infrastruttura IT e migliorare il servizio<\/em>;<br>parimenti, i dati &nbsp;potrebbero essere utilizzati dalle autorit\u00e0 competenti , ad esempio,&nbsp;<em>&nbsp;per l\u2019accertamento di responsabilit\u00e0 in caso di ipotetici reati informatici o danni alla nostre rete WIFI, LAN, al nostro sistema IT &nbsp;e al nostro sito istituzionale.<\/em><\/p>\n\n\n\n<p><em><strong>d)&nbsp;<\/strong><\/em>ai sensi dell\u2019art. 6 comma 1 lettera f), tenuto conto delle ragionevoli aspettative delle parti, per finalit\u00e0 di legittimi interessi perseguiti dal titolare del trattamento o da terzi; a<em>d esempio; dati ai fini di prevenzione delle frodi (monitoraggio presenze, registro ingressi, dati biometrici, immagini di video sorveglianza \u2026) e finalit\u00e0 di marketing diretto.<\/em><\/p>\n\n\n\n<p><strong>I destinatari e le categorie dei destinati dei Suoi dati sono<\/strong><\/p>\n\n\n\n<p><em><strong>e)&nbsp;<\/strong><\/em>persone fisiche o giuridiche, autorit\u00e0 pubbliche, collaboratori quali dipendenti, professionisti, fornitori di servizi enti e associazioni.<\/p>\n\n\n\n<p><strong>I Suoi dati personali possono essere trasferiti a un paese terzo o a un\u2019organizzazione internazionale<\/strong><\/p>\n\n\n\n<p><em><strong>f)&nbsp;<\/strong><\/em>in ragione di quanto precede, i suoi dati oltre ad essere trattati in formato cartaceo negli archivi interni della nostra organizzazione o presso terzi; sono maggiormente, trattati e conservati in formato elettronico sulle nostre memoria di massa interne alla nostra struttura o all\u2019interno dell\u2019Unione Europea attraverso servizi di hosting, server e cloud. &nbsp;&nbsp;Resta in ogni caso inteso che il titolare, ove si rendesse necessario, avr\u00e0 facolt\u00e0 di spostare i server hosting, server e cloud anche in aree extra-UE; parimenti, il titolare assicura sin d\u2019ora che il trasferimento dei dati in aree extra-UE avverr\u00e0 in conformit\u00e0 alle disposizioni di legge applicabili, previa stipula delle clausole contrattuali standard previste dalla Commissione Europea.<\/p>\n\n\n\n<p><strong>Il trattamento dei Suoi dati \u00e8 corretto e trasparente,&nbsp;<\/strong>compiuto per mezzo delle operazioni di raccolta, registrazione, organizzazione, conservazione, consultazione, elaborazione, modificazione, selezione, estrazione, raffronto, utilizzo, interconnessione, blocco, comunicazione, cancellazione e distruzione dei dati. &nbsp;&nbsp;I Suoi dati personali sono sottoposti a trattamento sia cartaceo che elettronico e\/o automatizzato.<\/p>\n\n\n\n<p>Potranno essere &nbsp;trattati , solo per le finalit\u00e0 di cui &nbsp;precedenti c\/i , c\/ii , c\/iii e d , anche da &nbsp;dipendenti e collaboratori del titolare o ad altri enti &nbsp;con sede in Italia e in altri paesi Europei, da societ\u00e0 terze o altri soggetti;<em>&nbsp;ad esempio, a titolo indicativo, istituti di credito, studi professionali, societ\u00e0 di assicurazione per la prestazione di servizi assicurativi, gestori di servizi IT e telefonica &nbsp;o altri enti che forniscono servizi\/prodotti per conto del Titolare<\/em>, nella loro qualit\u00e0 di responsabili esterni del trattamento. &nbsp;&nbsp;&nbsp;&nbsp;Qualora dei dati personali non siano ottenuti presso l\u2019interessato, il titolale del trattamento, in applicazione dell\u2019art. 14 del GDPR, fornir\u00e0 entro un mese, ogni specifica circostanza; diversamente, per Lei vale questa informativa.<\/p>\n\n\n\n<p><strong>Il periodo di conservazione dei Suoi dati \u00e8 definito<\/strong><\/p>\n\n\n\n<p><em><strong>a)&nbsp;<\/strong><\/em>ad un tempo necessario per adempiere alle finalit\u00e0 di cui sopra e comunque&nbsp;<strong>per non oltre 10 anni<\/strong>&nbsp;dalla cessazione del rapporto per le finalit\u00e0 di cui punti precedenti c\/i e&nbsp;<strong>per non oltre 2 anni<\/strong>&nbsp;dalla raccolta dei dati per le finalit\u00e0 di cui punti precedenti c\/ii,&nbsp;<em>c\/iii e d.<\/em><\/p>\n\n\n\n<p><strong>In qualit\u00e0 di interessato, tramite l\u2019invio di una raccomandata o di una mail al titolare del trattamento, Lei pu\u00f2 far valere i seguenti diritti.<\/strong><\/p>\n\n\n\n<p><em><strong>b) d<\/strong><\/em><strong>iritto di accesso,<\/strong>&nbsp;di cui art. 15 del GDPR, per ottenere la conferma che sia o meno in corso un trattamento di dati personali che la riguardano e in tal caso, di ottenere l\u2019accesso ai dati personali e alle informazioni; in caso di richiesta di ulteriori copie di dati, il titolare e il titolare del trattamento si riserva il diritto di addebitarvi un contributo spese ragionevole basato sui costi amministrativi;<\/p>\n\n\n\n<p><strong>diritto di rettifica&nbsp;<\/strong>,di cui art. 16 del GDPR, per ottenere &nbsp;la rettifica dei dati personali inesatti che la riguardano senza ingiustificato ritardo;<\/p>\n\n\n\n<p><strong>diritto alla cancellazione<\/strong>,&nbsp;di cui art. 17 del GDPR, per ottenere la cancellazione dei dati personali che la riguardano senza ingiustificato ritardo;<\/p>\n\n\n\n<p><strong>diritto di limitazione del trattamento&nbsp;<\/strong>, di cui art. 18 del GDPR, per ottenere la limitazione del trattamento;<\/p>\n\n\n\n<p><strong>diritto alla portabilit\u00e0 dei dati ,&nbsp;<\/strong>di cui art. 20 del GDPR, &nbsp;per ricevere in formato strutturato i dati personali che la riguardano forniti a un titolare del trattamento e per trasmettere tali dati ad un altro titolare del trattamento senza impedimenti;<\/p>\n\n\n\n<p><strong>diritto di opposizione&nbsp;<\/strong>, di cui art. 21 del GDPR, &nbsp;per opporsi in qualsiasi momento al trattamento dei dati personali che la riguardano ai sensi dell\u2019art. 6 , comma 1, lettere e) o f), compresa la profilazione sulla base di tali disposizioni.<\/p>\n\n\n\n<p><em><strong>c)&nbsp;<\/strong><\/em><strong>diritto di revocare il consenso,<\/strong>&nbsp;per i casi previsti dal GDPR, in qualsiasi momento senza pregiudicare la liceit\u00e0 del trattamento basata sul consenso prestato prima della revoca;<\/p>\n\n\n\n<p><em><strong>d)&nbsp;<\/strong><\/em><strong>diritto di proporre reclamo a una autorit\u00e0 di controllo,<\/strong>&nbsp;in ITALIA Garante della Privacy PIAZZA DI MONTE CITORIO n. 121 00186 ROMA mail&nbsp;<a href=\"mailto:garante@gpdp.it\"><em><strong>garante@gpdp.it<\/strong><\/em><\/a><\/p>\n\n\n\n<p><em><strong>e)&nbsp;<\/strong><\/em><strong>Natura del conferimento dei dati e conseguenze del rifiuto di rispondere<\/strong><\/p>\n\n\n\n<p>Il conferimento dei dati per le finalit\u00e0 di cui punto precedente&nbsp;<em>c\/i<\/em>&nbsp;\u00e8<strong>&nbsp;obbligatorio<\/strong>, parimenti, tenuto conto delle finalit\u00e0 di legittimi perseguiti di cui punto precedente&nbsp;<em>d<\/em>&nbsp;il conferimento deve essere acconsentito<em>;&nbsp;<\/em>in loro assenza, la nostra organizzazione non pu\u00f2 garantire l\u2019erogazione dei servizi e il soddisfacimento delle Sue aspettative. &nbsp;&nbsp;&nbsp;&nbsp;&nbsp;Senza la necessit\u00e0 di un espresso consenso il trattamento di tali dati pu\u00f2 essere espletato dalle Autorit\u00e0, dalla societ\u00e0 di assicurazione per la prestazione di servizi assicurativi, da studio di professionisti anche per la gestione di contenziosi, nonch\u00e9 a quei soggetti ai quali la comunicazione sia obbligatoria per legge per l\u2019espletamento delle finalit\u00e0 dette. Detti soggetti tratteranno i dati nella loro qualit\u00e0 di autonomi titolari del trattamento. &nbsp;I Suoi dati non saranno diffusi. Il conferimento dei dati per le finalit\u00e0 di cui precedenti&nbsp;<em>c\/ii<\/em>&nbsp;e&nbsp;<em>c\/iii&nbsp;<\/em>\u00e8<strong>&nbsp;invece facoltativo.&nbsp;<\/strong>Tenuto conto delle ragionevoli aspettative delle parti per le finalit\u00e0. &nbsp;&nbsp;Pu\u00f2 quindi decidere di non conferire alcun dato o di negare successivamente la possibilit\u00e0 di trattare dati gi\u00e0 forniti: in tal caso, non potr\u00e0 ricevere newsletter, comunicazioni commerciali e materiale pubblicitario inerenti ai servizi offerti e usufruire dei collegamenti internet per il tramite della nostra rete WIFI\/LAN pubblica nonch\u00e9 di una serie di servizi evoluti e presenti nel nostro sito istituzionale. &nbsp;&nbsp;Continuer\u00e0 comunque ad avere diritto ai servizi di cui precedenti&nbsp;<em>c\/i<\/em><\/p>\n\n\n\n<p><em><strong>f)&nbsp;<\/strong><\/em><strong>E\u2019 Suo diritto di non essere sottoposto a una decisione basata unicamente sul trattamento automatizzato<\/strong><\/p>\n\n\n\n<p>di cui ai punti precedenti c\/ii e c\/iii , &nbsp;compresa la profilazione che produca effetti giuridici che lo riguardano o che incida in modo analogo significativamente sulla Sua persona. Pertanto, l\u2019interessato pu\u00f2 decidere di ricevere solo comunicazioni mediante modalit\u00e0 tradizionali ovvero solo comunicazioni automatizzate oppure nessuna delle due tipologie di comunicazione.<\/p>\n","protected":false},"excerpt":{"rendered":"<p>La informiamo, ai sensi dell\u2019art. 13 del GDPR n. 2016\/679 (in seguito, \u201cGDPR\u201d), &nbsp;che in caso di raccolta dati personali che La riguardano, tale trattamento sar\u00e0 improntato ai principi di correttezza, liceit\u00e0, trasparenza e di tutela della Sua riservatezza e dei Suoi diritti; I Suoi dati saranno trattati c\/i)&nbsp;ai sensi dell\u2019art. 6 lettera b) e [&hellip;]<\/p>\n","protected":false},"author":1,"featured_media":0,"parent":0,"menu_order":0,"comment_status":"closed","ping_status":"closed","template":"","meta":{"_acf_changed":false,"footnotes":""},"class_list":["post-3420","page","type-page","status-publish","hentry"],"acf":[],"_links":{"self":[{"href":"https:\/\/capozzoinn.com\/it\/wp-json\/wp\/v2\/pages\/3420","targetHints":{"allow":["GET"]}}],"collection":[{"href":"https:\/\/capozzoinn.com\/it\/wp-json\/wp\/v2\/pages"}],"about":[{"href":"https:\/\/capozzoinn.com\/it\/wp-json\/wp\/v2\/types\/page"}],"author":[{"embeddable":true,"href":"https:\/\/capozzoinn.com\/it\/wp-json\/wp\/v2\/users\/1"}],"replies":[{"embeddable":true,"href":"https:\/\/capozzoinn.com\/it\/wp-json\/wp\/v2\/comments?post=3420"}],"version-history":[{"count":2,"href":"https:\/\/capozzoinn.com\/it\/wp-json\/wp\/v2\/pages\/3420\/revisions"}],"predecessor-version":[{"id":4769,"href":"https:\/\/capozzoinn.com\/it\/wp-json\/wp\/v2\/pages\/3420\/revisions\/4769"}],"wp:attachment":[{"href":"https:\/\/capozzoinn.com\/it\/wp-json\/wp\/v2\/media?parent=3420"}],"curies":[{"name":"wp","href":"https:\/\/api.w.org\/{rel}","templated":true}]}}