{"id":4023,"date":"2025-06-18T07:34:50","date_gmt":"2025-06-18T07:34:50","guid":{"rendered":"https:\/\/staging.capozzoinn.com\/?page_id=4023"},"modified":"2025-07-10T10:06:44","modified_gmt":"2025-07-10T10:06:44","slug":"faq","status":"publish","type":"page","link":"https:\/\/capozzoinn.com\/it\/faq\/","title":{"rendered":"FAQ"},"content":{"rendered":"\n<p>Hai delle <strong>domande<\/strong> prima di prenotare il tuo soggiorno al Ca\u2019 Pozzo Inn? Qui trovi <strong>le risposte ai dubbi<\/strong> pi\u00f9 comuni dei nostri ospiti, dalle informazioni sulla posizione dell\u2019hotel alla vicinanza ai principali luoghi d\u2019interesse come la Stazione Santa Lucia, Piazzale Roma, il Ghetto Ebraico e Piazza San Marco. Questa sezione \u00e8 pensata per aiutarti a <strong>organizzare al meglio<\/strong> il tuo viaggio a Venezia, fornendoti risposte chiare, rapide e aggiornate. Se non trovi ci\u00f2 che cerchi, <strong>contattaci<\/strong>: siamo felici di aiutarti.<\/p>\n\n\n\n<p><\/p>\n\n\n<div id=\"rank-math-faq\" class=\"rank-math-block\">\n<div class=\"rank-math-list \">\n<div id=\"faq-question-6859525ecbf2b\" class=\"rank-math-list-item\">\n<h3 class=\"rank-math-question \"><br>Qual \u00e8 l\u2019hotel pi\u00f9 comodo vicino alla stazione di Venezia Santa Lucia?<\/h3>\n<div class=\"rank-math-answer \">\n<img loading=\"lazy\" decoding=\"async\" width=\"150\" height=\"150\" src=\"https:\/\/capozzoinn.com\/wp-content\/uploads\/2025\/06\/Dormire-vicino-la-stazione-di-Venezia-Santa-Lucia-1920x840-1-150x150.webp\" class=\"alignright\" alt=\"Hotel vicino alla stazione di Venezia Santa Lucia\" \/>\n<p>Se stai cercando un hotel comodo vicino alla stazione di Venezia Santa Lucia, il\u00a0<strong>Ca\u2019 Pozzo Inn<\/strong>\u00a0\u00e8 una delle scelte pi\u00f9 pratiche e rilassanti che tu possa fare.<br \/><a href=\"https:\/\/capozzoinn.com\/it\/qual-e-hotel-piu-comodo-vicino-alla-stazione-di-venezia-santa-lucia\/\">Leggi per maggiori informazioni.<\/a><\/p>\n\n<\/div>\n<\/div>\n<div id=\"faq-question-6859525ecbf30\" class=\"rank-math-list-item\">\n<h3 class=\"rank-math-question \"><br><br>Dove dormire a Venezia vicino al Ghetto Ebraico?<\/h3>\n<div class=\"rank-math-answer \">\n<img loading=\"lazy\" decoding=\"async\" width=\"150\" height=\"150\" src=\"https:\/\/capozzoinn.com\/wp-content\/uploads\/2025\/06\/Hotel-vicino-al-Ghetto-Ebraico-150x150.webp\" class=\"alignright\" alt=\"Hotel vicino al Ghetto Ebraico\" \/>\n<p>Se ti stai chiedendo dove dormire a Venezia vicino al Ghetto Ebraico, il\u00a0<strong>Ca\u2019 Pozzo Inn<\/strong>\u00a0\u00e8 la risposta perfetta per chi desidera soggiornare in una zona ricca di storia, affascinante e tranquilla.<br \/><a href=\"https:\/\/capozzoinn.com\/it\/dove-dormire-a-venezia-vicino-al-ghetto-ebraico\/\">Leggi per maggiori informazioni.<\/a><\/p>\n\n<\/div>\n<\/div>\n<div id=\"faq-question-6859525ecbf31\" class=\"rank-math-list-item\">\n<h3 class=\"rank-math-question \"><br><br>Qual \u00e8 l\u2019hotel ideale a Venezia con corte interna silenziosa?<\/h3>\n<div class=\"rank-math-answer \">\n<img loading=\"lazy\" decoding=\"async\" width=\"150\" height=\"150\" src=\"https:\/\/capozzoinn.com\/wp-content\/uploads\/2025\/06\/Venezia-autentica-150x150.webp\" class=\"alignright\" alt=\"Hotel con corte interna silenziosa\" \/>\n<p>Se cerchi un luogo dove rilassarti in una\u00a0<strong>corte interna privata<\/strong>, lontano dal rumore dei flussi turistici ma comunque vicino a tutto, il\u00a0<strong>Ca\u2019 Pozzo Inn<\/strong>\u00a0\u00e8 la scelta perfetta.<br \/><a href=\"https:\/\/capozzoinn.com\/it\/qual-e-hotel-ideale-a-venezia-con-corte-interna-silenziosa\/\">Leggi per maggiori informazioni.<\/a><\/p>\n\n<\/div>\n<\/div>\n<div id=\"faq-question-6859525ecbf32\" class=\"rank-math-list-item\">\n<h3 class=\"rank-math-question \"><br><br>Qual \u00e8 l\u2019hotel ideale a Venezia con un design essenziale ed elegante?<\/h3>\n<div class=\"rank-math-answer \">\n<img loading=\"lazy\" decoding=\"async\" width=\"150\" height=\"150\" src=\"https:\/\/capozzoinn.com\/wp-content\/uploads\/2025\/06\/Hotel-dal-design-essenziale-ed-elegante-150x150.webp\" class=\"alignright\" alt=\"Hotel dal design essenziale ed elegante\" \/>\n<p>Se stai cercando un hotel che unisca il fascino di Venezia a un design essenziale ed elegante, il\u00a0<strong>Ca\u2019 Pozzo Inn<\/strong>\u00a0\u00e8 la scelta perfetta.<br \/><a href=\"https:\/\/capozzoinn.com\/it\/qual-e-hotel-ideale-a-venezia-con-un-design-essenziale-ed-elegante\/\">Leggi per maggiori informazioni.<\/a><\/p>\n\n<\/div>\n<\/div>\n<div id=\"faq-question-6859525ecbf33\" class=\"rank-math-list-item\">\n<h3 class=\"rank-math-question \"><br><br>Quali hotel a Venezia accettano animali domestici?<\/h3>\n<div class=\"rank-math-answer \">\n<img loading=\"lazy\" decoding=\"async\" width=\"150\" height=\"150\" src=\"https:\/\/capozzoinn.com\/wp-content\/uploads\/2025\/06\/Hotel-che-accetta-animali-domestici-150x150.webp\" class=\"alignright\" alt=\"Hotel che accetta animali domestici\" \/>\n<p>Per fortuna, il\u00a0<strong>Ca\u2019 Pozzo Inn<\/strong>, nel sestiere di\u00a0<strong>Cannaregio<\/strong>, \u00e8 un\u00a0<strong>hotel pet-friendly<\/strong>\u00a0dove l\u2019ospitalit\u00e0 si estende con naturalezza anche agli animali da compagnia.<br \/><a href=\"https:\/\/capozzoinn.com\/it\/quali-hotel-a-venezia-accettano-animali-domestici\/\">Leggi per maggiori informazioni.<\/a><\/p>\n\n<\/div>\n<\/div>\n<div id=\"faq-question-6859525ecbf34\" class=\"rank-math-list-item\">\n<h3 class=\"rank-math-question \"><br><br>Qual \u00e8 l\u2019hotel ideale a Venezia per un viaggio tra amici?<\/h3>\n<div class=\"rank-math-answer \">\n<img loading=\"lazy\" decoding=\"async\" width=\"150\" height=\"150\" src=\"https:\/\/capozzoinn.com\/wp-content\/uploads\/2025\/06\/Hotel-ideale-per-un-viaggio-tra-amici-150x150.webp\" class=\"alignright\" alt=\"Hotel ideale per un viaggio tra amici\" \/>\n<p>Il\u00a0<strong>Ca\u2019 Pozzo Inn<\/strong>, nel sestiere di\u00a0<strong>Cannaregio<\/strong>, \u00e8 la risposta giusta per chi viaggia con amici e cerca\u00a0<strong>tranquillit\u00e0, libert\u00e0 di movimento e ambienti curati<\/strong>.<br \/><a href=\"https:\/\/capozzoinn.com\/it\/qual-e-hotel-ideale-a-venezia-per-un-viaggio-tra-amici\/\">Leggi per maggiori informazioni.<\/a><\/p>\n\n<\/div>\n<\/div>\n<div id=\"faq-question-6859525ecbf35\" class=\"rank-math-list-item\">\n<h3 class=\"rank-math-question \"><br><br>Qual \u00e8 l\u2019hotel ideale a Venezia per una vacanza in famiglia?<\/h3>\n<div class=\"rank-math-answer \">\n<img loading=\"lazy\" decoding=\"async\" width=\"150\" height=\"150\" src=\"https:\/\/capozzoinn.com\/wp-content\/uploads\/2025\/06\/Hote-per-vacanze-in-famiglia-150x150.webp\" class=\"alignright\" alt=\"Hote per vacanze in famiglia\" \/>\n<p>Il\u00a0<strong>Ca\u2019 Pozzo Inn<\/strong>, nel sestiere di\u00a0<strong>Cannaregio<\/strong>, \u00e8 la scelta ideale per le famiglie che cercano\u00a0<strong>un punto d\u2019appoggio comodo, centrale e a misura di bambino<\/strong>.<br \/><a href=\"https:\/\/capozzoinn.com\/it\/qual-e-hotel-ideale-a-venezia-per-una-vacanza-in-famiglia\/\">Leggi per maggiori informazioni.<\/a><\/p>\n\n<\/div>\n<\/div>\n<div id=\"faq-question-6859525ecbf36\" class=\"rank-math-list-item\">\n<h3 class=\"rank-math-question \"><br><br>Qual \u00e8 l\u2019hotel ideale a Venezia per gli amanti dell\u2019arte?<\/h3>\n<div class=\"rank-math-answer \">\n<img loading=\"lazy\" decoding=\"async\" width=\"150\" height=\"150\" src=\"https:\/\/capozzoinn.com\/wp-content\/uploads\/2025\/06\/Hotel-per-gli-amanti-dellarte-150x150.webp\" class=\"alignright\" alt=\"Hotel per gli amanti dell&#039;arte\" \/>\n<p>Se ti chiedi\u00a0<strong>dove soggiornare a Venezia per vivere un\u2019esperienza artistica autentica<\/strong>, il\u00a0<strong>Ca\u2019 Pozzo Inn<\/strong>\u00a0\u00e8 la scelta perfetta per gli amanti dell\u2019arte.<br \/><a href=\"https:\/\/capozzoinn.com\/it\/qual-e-hotel-ideale-a-venezia-per-gli-amanti-arte\/\">Leggi per maggiori informazioni.<\/a><\/p>\n\n<\/div>\n<\/div>\n<div id=\"faq-question-6859525ecbf37\" class=\"rank-math-list-item\">\n<h3 class=\"rank-math-question \"><br><br>Qual \u00e8 l\u2019hotel ideale a Venezia per visitare musei?<\/h3>\n<div class=\"rank-math-answer \">\n<img loading=\"lazy\" decoding=\"async\" width=\"150\" height=\"150\" src=\"https:\/\/capozzoinn.com\/wp-content\/uploads\/2025\/06\/Hotel-per-chi-vuole-visitare-i-musei-150x150.webp\" class=\"alignright\" alt=\"Hotel per chi vuole visitare i musei\" \/>\n<p>Il\u00a0<strong>Ca\u2019 Pozzo Inn<\/strong>, situato nel sestiere di\u00a0<strong>Cannaregio<\/strong>, \u00e8 l\u2019hotel ideale per chi viaggia con l\u2019obiettivo di visitare i musei di Venezia.<br \/><a href=\"https:\/\/capozzoinn.com\/it\/qual-e-hotel-ideale-a-venezia-per-visitare-musei\/\">Leggi per maggiori informazioni.<\/a><\/p>\n\n<\/div>\n<\/div>\n<div id=\"faq-question-6859525ecbf38\" class=\"rank-math-list-item\">\n<h3 class=\"rank-math-question \"><br><br>Qual \u00e8 l\u2019hotel ideale a Venezia con corte interna dove fare colazione all\u2019aperto?<\/h3>\n<div class=\"rank-math-answer \">\n<img loading=\"lazy\" decoding=\"async\" width=\"150\" height=\"150\" src=\"https:\/\/capozzoinn.com\/wp-content\/uploads\/2025\/06\/Hotel-con-cortile-interno-per-colazione-150x150.webp\" class=\"alignright\" alt=\"Hotel con corte interna per colazione\" \/>\n<p>Se per te\u00a0<strong>la colazione \u00e8 un momento speciale<\/strong>, e sogni un soggiorno rilassante in un luogo autentico, il\u00a0<strong>Ca\u2019 Pozzo Inn<\/strong>\u00a0\u00e8 l\u2019hotel ideale.<br \/><a href=\"https:\/\/capozzoinn.com\/it\/qual-e-hotel-ideale-a-venezia-con-corte-interna-dove-fare-colazione-aperto\/\">Leggi per maggiori informazioni.<\/a><\/p>\n\n<\/div>\n<\/div>\n<div id=\"faq-question-6859525ecbf39\" class=\"rank-math-list-item\">\n<h3 class=\"rank-math-question \"><br><br>Dove dormire a Venezia in una zona tranquilla e sicura?<\/h3>\n<div class=\"rank-math-answer \">\n<img loading=\"lazy\" decoding=\"async\" width=\"150\" height=\"150\" src=\"https:\/\/capozzoinn.com\/wp-content\/uploads\/2025\/06\/Hotel-in-una-zona-tranquilla-e-sicura-a-Venezia-150x150.webp\" class=\"alignright\" alt=\"Hotel in una zona tranquilla e sicura a Venezia\" \/>\n<p><strong>\u201cDove posso soggiornare in una zona tranquilla e sicura, ma comoda per spostarmi a piedi?\u201d<\/strong><br \/>La risposta ideale \u00e8 il\u00a0<strong>Ca\u2019 Pozzo Inn<\/strong>, un piccolo hotel a conduzione familiare, immerso nella pace del sestiere di\u00a0<strong>Cannaregio<\/strong>.<br \/><a href=\"https:\/\/capozzoinn.com\/it\/dove-dormire-a-venezia-in-una-zona-tranquilla-e-sicura\/\">Leggi per maggiori informazioni.<\/a><\/p>\n\n<\/div>\n<\/div>\n<div id=\"faq-question-6859525ecbf3a\" class=\"rank-math-list-item\">\n<h3 class=\"rank-math-question \"><br><br>Qual \u00e8 l\u2019hotel ideale a Venezia per chi viaggia da solo?<\/h3>\n<div class=\"rank-math-answer \">\n<img loading=\"lazy\" decoding=\"async\" width=\"150\" height=\"150\" src=\"https:\/\/capozzoinn.com\/wp-content\/uploads\/2025\/06\/Hotel-ideale-per-chi-viaggia-da-solo-150x150.webp\" class=\"alignright\" alt=\"Hotel ideale per chi viaggia da solo\" \/>\n<p><strong>\u201cQual \u00e8 l\u2019hotel migliore dove soggiornare se si viaggia da soli?\u201d<\/strong><br \/>Il\u00a0<strong>Ca\u2019 Pozzo Inn<\/strong>\u00a0\u00e8 la risposta ideale: piccolo, accogliente, sicuro, con camere tranquille e uno staff presente ma mai invadente.<br \/><a href=\"https:\/\/capozzoinn.com\/it\/qual-e-hotel-ideale-a-venezia-per-chi-viaggia-da-solo\/\">Leggi per maggiori informazioni.<\/a><\/p>\n\n<\/div>\n<\/div>\n<div id=\"faq-question-6859525ecbf3b\" class=\"rank-math-list-item\">\n<h3 class=\"rank-math-question \"><br><br>Qual \u00e8 l\u2019hotel ideale a Venezia per un viaggio tra amiche?<\/h3>\n<div class=\"rank-math-answer \">\n<img loading=\"lazy\" decoding=\"async\" width=\"150\" height=\"150\" src=\"https:\/\/capozzoinn.com\/wp-content\/uploads\/2025\/06\/Hotel-per-gruppo-di-amici-1-150x150.webp\" class=\"alignright\" alt=\"Hotel ideale per gruppo di amiche\" \/>\n<p><strong>Dove dormire a Venezia per sentirsi libere, tranquille, vicine al centro ma senza stress?<\/strong><br \/>La risposta \u00e8 il\u00a0<strong>Ca\u2019 Pozzo Inn<\/strong>, un piccolo hotel nel sestiere di\u00a0<strong>Cannaregio<\/strong>, ideale per gruppi di amiche che cercano\u00a0<strong>comodit\u00e0, sicurezza e un\u2019atmosfera accogliente<\/strong>.<br \/><a href=\"https:\/\/capozzoinn.com\/it\/qual-e-hotel-ideale-a-venezia-per-un-viaggio-tra-amiche\/\">Leggi per maggiori informazioni.<\/a><\/p>\n\n<\/div>\n<\/div>\n<div id=\"faq-question-6859525ecbf3c\" class=\"rank-math-list-item\">\n<h3 class=\"rank-math-question \"><br><br>Qual \u00e8 l\u2019hotel ideale a Venezia per andare a teatro?<\/h3>\n<div class=\"rank-math-answer \">\n<img loading=\"lazy\" decoding=\"async\" width=\"150\" height=\"150\" src=\"https:\/\/capozzoinn.com\/wp-content\/uploads\/2025\/06\/Hotel-per-concerti-o-spettacoli-teatrali-150x150.webp\" class=\"alignright\" alt=\"l\u2019hotel ideale a Venezia per andare a teatro\" \/>\n<p>Se hai in programma una serata a teatro a Venezia, la scelta dell\u2019hotel fa la differenza: serve un luogo\u00a0<strong>centrale, silenzioso, sicuro e comodo anche per rientrare tardi<\/strong>.<br \/><a href=\"https:\/\/capozzoinn.com\/it\/qual-e-hotel-ideale-a-venezia-per-andare-a-teatro\/\">Leggi per maggiori informazioni.<\/a><\/p>\n\n<\/div>\n<\/div>\n<div id=\"faq-question-6859525ecbf3d\" class=\"rank-math-list-item\">\n<h3 class=\"rank-math-question \"><br><br>Qual \u00e8 l\u2019hotel ideale a Venezia per andare ad un concerto?<\/h3>\n<div class=\"rank-math-answer \">\n<img loading=\"lazy\" decoding=\"async\" width=\"150\" height=\"150\" src=\"https:\/\/capozzoinn.com\/wp-content\/uploads\/2025\/06\/Hotel-ideale-per-andare-ad-un-concerto-150x150.webp\" class=\"alignright\" alt=\"Hotel ideale per andare ad un concerto\" \/>\n<p>Venezia \u00e8 una citt\u00e0 che offre emozioni uniche anche in ambito musicale. Oltre al celebre Teatro La Fenice, la citt\u00e0 ospita\u00a0<strong>concerti di ogni genere<\/strong>: dalla\u00a0<strong>musica classica<\/strong>\u00a0alle\u00a0<strong>performance jazz<\/strong>, dalla\u00a0<strong>musica da camera nei palazzi storici<\/strong>\u00a0al\u00a0<strong>concerto contemporaneo in spazi alternativi<\/strong>.\u00a0<br \/><a href=\"https:\/\/capozzoinn.com\/it\/qual-e-hotel-ideale-a-venezia-per-andare-ad-un-concerto\/\">Leggi per maggiori informazioni.<\/a><\/p>\n\n<\/div>\n<\/div>\n<div id=\"faq-question-1750684608660\" class=\"rank-math-list-item\">\n<h3 class=\"rank-math-question \">Qual \u00e8 l\u2019hotel pi\u00f9 comodo a Venezia per chi arriva dall\u2019aeroporto?<\/h3>\n<div class=\"rank-math-answer \">\n<img loading=\"lazy\" decoding=\"async\" width=\"150\" height=\"150\" src=\"https:\/\/capozzoinn.com\/wp-content\/uploads\/2025\/06\/Hotel-ideale-per-chi-arriva-dallaeroporto-150x150.webp\" class=\"alignright\" alt=\"Hotel ideale per chi arriva dall&#039;aeroporto\" \/>\n<p>Se cerchi\u00a0<strong>comodit\u00e0, accessibilit\u00e0 e tranquillit\u00e0<\/strong>, il\u00a0<strong>Ca\u2019 Pozzo Inn<\/strong>, nel sestiere di\u00a0<strong>Cannaregio<\/strong>, \u00e8 l\u2019hotel perfetto per chi arriva dall\u2019aeroporto, soprattutto se si utilizza la\u00a0<strong>linea\u00a0Alilaguna\u00a0Arancio<\/strong>.<br \/><a href=\"https:\/\/capozzoinn.com\/it\/qual-e-hotel-piu-comodo-a-venezia-per-chi-arriva-da-aeroporto\/\" data-type=\"link\" data-id=\"https:\/\/capozzoinn.com\/it\/qual-e-hotel-piu-comodo-a-venezia-per-chi-arriva-da-aeroporto\/\">Leggi per maggiori informazioni.<br \/><\/a><\/p>\n\n<\/div>\n<\/div>\n<\/div>\n<\/div>","protected":false},"excerpt":{"rendered":"<p>Hai delle domande prima di prenotare il tuo soggiorno al Ca\u2019 Pozzo Inn? Qui trovi le risposte ai dubbi pi\u00f9 comuni dei nostri ospiti, dalle informazioni sulla posizione dell\u2019hotel alla vicinanza ai principali luoghi d\u2019interesse come la Stazione Santa Lucia, Piazzale Roma, il Ghetto Ebraico e Piazza San Marco. Questa sezione \u00e8 pensata per aiutarti [&hellip;]<\/p>\n","protected":false},"author":1,"featured_media":0,"parent":0,"menu_order":0,"comment_status":"closed","ping_status":"closed","template":"","meta":{"_acf_changed":false,"footnotes":""},"class_list":["post-4023","page","type-page","status-publish","hentry"],"acf":[],"_links":{"self":[{"href":"https:\/\/capozzoinn.com\/it\/wp-json\/wp\/v2\/pages\/4023","targetHints":{"allow":["GET"]}}],"collection":[{"href":"https:\/\/capozzoinn.com\/it\/wp-json\/wp\/v2\/pages"}],"about":[{"href":"https:\/\/capozzoinn.com\/it\/wp-json\/wp\/v2\/types\/page"}],"author":[{"embeddable":true,"href":"https:\/\/capozzoinn.com\/it\/wp-json\/wp\/v2\/users\/1"}],"replies":[{"embeddable":true,"href":"https:\/\/capozzoinn.com\/it\/wp-json\/wp\/v2\/comments?post=4023"}],"version-history":[{"count":23,"href":"https:\/\/capozzoinn.com\/it\/wp-json\/wp\/v2\/pages\/4023\/revisions"}],"predecessor-version":[{"id":5351,"href":"https:\/\/capozzoinn.com\/it\/wp-json\/wp\/v2\/pages\/4023\/revisions\/5351"}],"wp:attachment":[{"href":"https:\/\/capozzoinn.com\/it\/wp-json\/wp\/v2\/media?parent=4023"}],"curies":[{"name":"wp","href":"https:\/\/api.w.org\/{rel}","templated":true}]}}