{"id":457,"date":"2025-01-09T16:17:20","date_gmt":"2025-01-09T16:17:20","guid":{"rendered":"https:\/\/staging.capozzoinn.com\/events\/su-e-zo-per-i-ponti\/"},"modified":"2025-06-24T07:25:29","modified_gmt":"2025-06-24T07:25:29","slug":"su-e-zo-per-i-ponti","status":"publish","type":"page","link":"https:\/\/capozzoinn.com\/it\/eventi\/su-e-zo-per-i-ponti\/","title":{"rendered":"Su e Zo per i ponti"},"content":{"rendered":"\n<p><strong>Su e Zo per i ponti<\/strong>&nbsp;\u00e8 una tradizionale corsa a piedi veneziana non competitiva che si \u00e8 svolta per la prima volta a Venezia nella primavera del 1975.<\/p>\n\n\n\n<p>Ogni anno la gara attira pi\u00f9 di 10.000 partecipanti. Il percorso principale \u00e8 di circa 12 km e ha come punto di partenza e arrivo Piazza San Marco, di fronte al Palazzo Ducale. Il percorso breve invece \u00e8 di 6 km e ha come punto di partenza e di arrivo la stazione ferroviaria di Santa Lucia.<\/p>\n\n\n\n<p>I partecipanti alla gara di solito seguono un percorso, ogni anno diverso, che li porta attraverso \u201ccalli\u201d (strade), \u201ccampi\u201d (piazze) e ponti. Un circuito che attraversa tutta Venezia.<\/p>\n\n\n\n<p>Tutti possono partecipare alla gara, ogni persona di qualsiasi et\u00e0, famiglia, studenti e gruppi sportivi. Ci sono percorsi diversi per qualsiasi et\u00e0 e lungo il percorso ci sono alcuni punti di ristoro.<\/p>\n\n\n\n<p>L\u2019arrivo \u00e8 in piazza San Marco dove ogni partecipante riceve una medaglia come ricordo dell\u2019evento. Il ricavato della gara \u00e8 devoluto in beneficenza.<\/p>\n\n\n\n<p>Per ulteriori informazioni&nbsp;<a href=\"https:\/\/www.suezo.it\/\" target=\"_blank\" rel=\"noopener\">https:\/\/www.suezo.it\/.<\/a><\/p>\n","protected":false},"excerpt":{"rendered":"<p>Su e Zo per i ponti&nbsp;\u00e8 una tradizionale corsa a piedi veneziana non competitiva che si \u00e8 svolta per la prima volta a Venezia nella primavera del 1975. Ogni anno la gara attira pi\u00f9 di 10.000 partecipanti. Il percorso principale \u00e8 di circa 12 km e ha come punto di partenza e arrivo Piazza San [&hellip;]<\/p>\n","protected":false},"author":1,"featured_media":436,"parent":290,"menu_order":0,"comment_status":"closed","ping_status":"closed","template":"templates\/lista-figlio.php","meta":{"_acf_changed":false,"footnotes":""},"class_list":["post-457","page","type-page","status-publish","has-post-thumbnail","hentry"],"acf":[],"_links":{"self":[{"href":"https:\/\/capozzoinn.com\/it\/wp-json\/wp\/v2\/pages\/457","targetHints":{"allow":["GET"]}}],"collection":[{"href":"https:\/\/capozzoinn.com\/it\/wp-json\/wp\/v2\/pages"}],"about":[{"href":"https:\/\/capozzoinn.com\/it\/wp-json\/wp\/v2\/types\/page"}],"author":[{"embeddable":true,"href":"https:\/\/capozzoinn.com\/it\/wp-json\/wp\/v2\/users\/1"}],"replies":[{"embeddable":true,"href":"https:\/\/capozzoinn.com\/it\/wp-json\/wp\/v2\/comments?post=457"}],"version-history":[{"count":4,"href":"https:\/\/capozzoinn.com\/it\/wp-json\/wp\/v2\/pages\/457\/revisions"}],"predecessor-version":[{"id":4677,"href":"https:\/\/capozzoinn.com\/it\/wp-json\/wp\/v2\/pages\/457\/revisions\/4677"}],"up":[{"embeddable":true,"href":"https:\/\/capozzoinn.com\/it\/wp-json\/wp\/v2\/pages\/290"}],"wp:featuredmedia":[{"embeddable":true,"href":"https:\/\/capozzoinn.com\/it\/wp-json\/wp\/v2\/media\/436"}],"wp:attachment":[{"href":"https:\/\/capozzoinn.com\/it\/wp-json\/wp\/v2\/media?parent=457"}],"curies":[{"name":"wp","href":"https:\/\/api.w.org\/{rel}","templated":true}]}}